{"id":59842,"date":"2020-01-06T14:15:05","date_gmt":"2020-01-06T14:15:05","guid":{"rendered":"https:\/\/patraeus.freelab-dev.ch\/home\/"},"modified":"2026-01-26T10:28:12","modified_gmt":"2026-01-26T10:28:12","slug":"home","status":"publish","type":"page","link":"https:\/\/patraeus.ch\/index\/it\/","title":{"rendered":"Home"},"content":{"rendered":"<p><div class=\"fusion-fullwidth fullwidth-box fusion-builder-row-1 fusion-flex-container has-pattern-background has-mask-background hundred-percent-fullwidth non-hundred-percent-height-scrolling\" style=\"--awb-border-radius-top-left:0px;--awb-border-radius-top-right:0px;--awb-border-radius-bottom-right:0px;--awb-border-radius-bottom-left:0px;--awb-padding-top:0px;--awb-padding-right:6%;--awb-padding-bottom:0px;--awb-padding-left:6%;--awb-flex-wrap:wrap;\" ><div class=\"fusion-builder-row fusion-row fusion-flex-align-items-flex-start fusion-flex-content-wrap\" style=\"width:104% !important;max-width:104% !important;margin-left: calc(-4% \/ 2 );margin-right: calc(-4% \/ 2 );\"><div class=\"fusion-layout-column fusion_builder_column fusion-builder-column-0 fusion_builder_column_1_2 1_2 fusion-flex-column\" style=\"--awb-padding-top:2%;--awb-padding-right:2%;--awb-padding-bottom:2%;--awb-padding-left:2%;--awb-bg-color:#656a70;--awb-bg-color-hover:#656a70;--awb-bg-position:center top;--awb-bg-size:cover;--awb-box-shadow:40px 40px 0px 0px #d1d2d2;;--awb-width-large:50%;--awb-margin-top-large:0px;--awb-spacing-right-large:-6.144%;--awb-margin-bottom-large:-1px;--awb-spacing-left-large:3.84%;--awb-width-medium:100%;--awb-order-medium:0;--awb-spacing-right-medium:1.92%;--awb-spacing-left-medium:1.92%;--awb-width-small:100%;--awb-order-small:0;--awb-spacing-right-small:1.92%;--awb-spacing-left-small:1.92%;\" data-scroll-devices=\"small-visibility,medium-visibility,large-visibility\"><div class=\"fusion-column-wrapper fusion-column-has-shadow fusion-flex-justify-content-center fusion-content-layout-column\"><div class=\"fusion-image-element \" style=\"--awb-caption-title-font-family:var(--h2_typography-font-family);--awb-caption-title-font-weight:var(--h2_typography-font-weight);--awb-caption-title-font-style:var(--h2_typography-font-style);--awb-caption-title-size:var(--h2_typography-font-size);--awb-caption-title-transform:var(--h2_typography-text-transform);--awb-caption-title-line-height:var(--h2_typography-line-height);--awb-caption-title-letter-spacing:var(--h2_typography-letter-spacing);\"><span class=\" fusion-imageframe imageframe-none imageframe-1 hover-type-none\"><img decoding=\"async\" width=\"2000\" height=\"2000\" title=\"it-def\" src=\"https:\/\/patraeus.ch\/index\/wp-content\/uploads\/2024\/02\/it-def.jpg\" alt class=\"img-responsive wp-image-62425\" srcset=\"https:\/\/patraeus.ch\/index\/wp-content\/uploads\/2024\/02\/it-def-200x200.jpg 200w, https:\/\/patraeus.ch\/index\/wp-content\/uploads\/2024\/02\/it-def-400x400.jpg 400w, https:\/\/patraeus.ch\/index\/wp-content\/uploads\/2024\/02\/it-def-600x600.jpg 600w, https:\/\/patraeus.ch\/index\/wp-content\/uploads\/2024\/02\/it-def-800x800.jpg 800w, https:\/\/patraeus.ch\/index\/wp-content\/uploads\/2024\/02\/it-def-1200x1200.jpg 1200w, https:\/\/patraeus.ch\/index\/wp-content\/uploads\/2024\/02\/it-def.jpg 2000w\" sizes=\"(max-width: 1024px) 100vw, (max-width: 640px) 100vw, 800px\" \/><\/span><\/div><\/div><\/div><div class=\"fusion-layout-column fusion_builder_column fusion-builder-column-1 fusion_builder_column_1_2 1_2 fusion-flex-column fusion-animated\" style=\"--awb-bg-size:cover;--awb-width-large:50%;--awb-margin-top-large:0px;--awb-spacing-right-large:3.84%;--awb-margin-bottom-large:0px;--awb-spacing-left-large:3.84%;--awb-width-medium:100%;--awb-order-medium:0;--awb-spacing-right-medium:1.92%;--awb-spacing-left-medium:1.92%;--awb-width-small:100%;--awb-order-small:0;--awb-spacing-right-small:1.92%;--awb-spacing-left-small:1.92%;\" data-animationType=\"fadeIn\" data-animationDuration=\"0.8\" data-animationOffset=\"top-into-view\" data-scroll-devices=\"small-visibility,medium-visibility,large-visibility\"><div class=\"fusion-column-wrapper fusion-column-has-shadow fusion-flex-justify-content-center fusion-content-layout-column\"><div class=\"fusion-builder-row fusion-builder-row-inner fusion-row fusion-flex-align-items-flex-start fusion-flex-content-wrap\" style=\"--awb-flex-grow:0;--awb-flex-grow-medium:0;--awb-flex-grow-small:0;--awb-flex-shrink:0;--awb-flex-shrink-medium:0;--awb-flex-shrink-small:0;width:104% !important;max-width:104% !important;margin-left: calc(-4% \/ 2 );margin-right: calc(-4% \/ 2 );\"><div class=\"fusion-layout-column fusion_builder_column_inner fusion-builder-nested-column-0 fusion_builder_column_inner_1_1 1_1 fusion-flex-column\" style=\"--awb-padding-top:10%;--awb-padding-right:10%;--awb-padding-bottom:10%;--awb-padding-left:10%;--awb-bg-color:#ffffff;--awb-bg-color-hover:#ffffff;--awb-bg-size:cover;--awb-box-shadow:-20px 40px 90px -15px rgba(24,27,32,0.05);;--awb-width-large:100%;--awb-margin-top-large:0px;--awb-spacing-right-large:1.92%;--awb-margin-bottom-large:0px;--awb-spacing-left-large:1.92%;--awb-width-medium:100%;--awb-spacing-right-medium:1.92%;--awb-spacing-left-medium:1.92%;--awb-width-small:100%;--awb-spacing-right-small:1.92%;--awb-spacing-left-small:1.92%;\"><div class=\"fusion-column-wrapper fusion-column-has-shadow fusion-flex-justify-content-flex-start fusion-content-layout-column\"><div class=\"fusion-title title fusion-title-1 fusion-sep-none fusion-title-text fusion-title-size-one\" style=\"--awb-margin-top:16px;--awb-margin-bottom:30px;--awb-margin-top-small:8px;--awb-margin-right-small:0px;--awb-margin-bottom-small:16px;--awb-margin-left-small:0px;--awb-font-size:50px;\"><h1 class=\"fusion-title-heading title-heading-left fusion-responsive-typography-calculated\" style=\"margin:0;font-size:1em;--fontSize:50;line-height:1.2;\">SOFT SKILLS &#8211; Formazioni per un maggiore successo sul luogo di lavoro<\/h1><\/div><div class=\"fusion-title title fusion-title-2 fusion-sep-none fusion-title-text fusion-title-size-four\" style=\"--awb-margin-top-small:8px;--awb-margin-right-small:0px;--awb-margin-bottom-small:16px;--awb-margin-left-small:0px;--awb-font-size:22px;\"><h4 class=\"fusion-title-heading title-heading-left fusion-responsive-typography-calculated\" style=\"margin:0;font-size:1em;--fontSize:22;--minFontSize:22;line-height:1.34;\"><h4><strong>PATRAEUS \u00e8 distributore ufficiale di TRACOM Corp per i mercati DACH e Italia.<\/strong><\/h4>\n<p>Le nostre formazioni migliorano l&#8217;adattabilit\u00e0 comunicativa, l&#8217;EQ, la mentalit\u00e0 resiliente e l&#8217;agilit\u00e0 attraverso il modo in cui le persone PENSANO, AGISCONO e REAGISCONO.<\/p>\n<p>Tutte le formazioni sono progettate per aiutare i nostri clienti a creare un ambiente di lavoro pi\u00f9 motivante, produttivo ed efficace.<\/p>\n<h4><b><strong>Offriamo crescita e successo alla vostra organizzazione!<\/strong><\/b><\/h4><\/h4><\/div><div class=\"fusion-separator fusion-full-width-sep\" style=\"align-self: center;margin-left: auto;margin-right: auto;margin-top:20px;width:100%;\"><\/div><div ><a class=\"fusion-button button-flat button-medium button-custom fusion-button-default button-1 fusion-button-default-span fusion-button-default-type custom-hero-button\" style=\"--button_accent_color:#ffffff;--button_border_color:#181b20;--button_accent_hover_color:#181b20;--button_border_hover_color:#181b20;--button_border_width-top:2px;--button_border_width-right:2px;--button_border_width-bottom:2px;--button_border_width-left:2px;--button_gradient_top_color:#181b20;--button_gradient_bottom_color:#181b20;--button_gradient_top_color_hover:rgba(255,255,255,0.95);--button_gradient_bottom_color_hover:rgba(255,255,255,0.95);\" target=\"_blank\" rel=\"noopener noreferrer\" href=\"https:\/\/patraeus.ch\/index\/wp-content\/uploads\/2022\/05\/gamechanger-it.pdf\"><span class=\"fusion-button-text awb-button__text awb-button__text--default\">Brochure Intelligenza Sociale (PDF)<\/span><\/a><\/div><\/div><\/div><\/div><\/div><\/div><\/div><\/div><div class=\"fusion-bg-parallax\" data-bg-align=\"center top\" data-direction=\"up\" data-mute=\"false\" data-opacity=\"100\" data-velocity=\"-0.1\" data-mobile-enabled=\"false\" data-break_parents=\"0\" data-bg-image=\"https:\/\/patraeus.ch\/index\/wp-content\/uploads\/2020\/11\/Base-Home-Patraeus-1.png\" data-bg-repeat=\"false\" data-bg-color=\"rgba(24,27,32,0.5)\" data-bg-gradient-type=\"linear\" data-bg-gradient-angle=\"180\" data-bg-gradient-start-color=\"rgba(111,16,63,0.3)\" data-bg-gradient-start-position=\"0\" data-bg-gradient-end-color=\"rgba(111,16,63,0.7)\" data-bg-gradient-end-position=\"100\" data-bg-radial-direction=\"center center\" ><\/div><div class=\"fusion-fullwidth fullwidth-box fusion-builder-row-2 has-pattern-background has-mask-background fusion-parallax-up nonhundred-percent-fullwidth non-hundred-percent-height-scrolling\" style=\"--awb-background-position:center top;--awb-border-radius-top-left:0px;--awb-border-radius-top-right:0px;--awb-border-radius-bottom-right:0px;--awb-border-radius-bottom-left:0px;--awb-padding-top:18%;--awb-padding-bottom:0px;--awb-margin-top:10%;--awb-background-color:rgba(24,27,32,0.5);--awb-background-image:linear-gradient(180deg, rgba(111,16,63,0.3) 0%,rgba(111,16,63,0.7) 100%),url(https:\/\/patraeus.ch\/index\/wp-content\/uploads\/2020\/11\/Base-Home-Patraeus-1.png);;--awb-background-size:cover;--awb-flex-wrap:wrap;\" ><div class=\"fusion-builder-row fusion-row\"><div class=\"fusion-layout-column fusion_builder_column fusion-builder-column-2 fusion_builder_column_1_1 1_1 fusion-one-full fusion-column-first fusion-column-last\" style=\"--awb-bg-size:cover;--awb-margin-top:0px;--awb-margin-bottom:0px;\"><div class=\"fusion-column-wrapper fusion-column-has-shadow fusion-flex-column-wrapper-legacy\"><div class=\"fusion-sep-clear\"><\/div><div class=\"fusion-separator fusion-full-width-sep\" style=\"margin-left: auto;margin-right: auto;margin-top:300px;width:100%;\"><\/div><div class=\"fusion-sep-clear\"><\/div><div class=\"fusion-clearfix\"><\/div><\/div><\/div><div class=\"fusion-layout-column fusion_builder_column fusion-builder-column-3 fusion_builder_column_3_5 3_5 fusion-three-fifth fusion-column-first fusion-column-inner-bg-wrapper\" style=\"--awb-inner-bg-size:cover;--awb-margin-top:0px;--awb-margin-bottom:0px;width:60%;width:calc(60% - ( ( 4% ) * 0.6 ) );margin-right: 4%;\"><span class=\"fusion-column-inner-bg hover-type-none\"><a class=\"fusion-column-anchor\" href=\"\/index\/it\/referenze\/\"><span class=\"fusion-column-inner-bg-image\"><\/span><\/a><\/span><div class=\"fusion-column-wrapper fusion-column-has-shadow fusion-flex-column-wrapper-legacy\"><div class=\"fusion-title title fusion-title-3 fusion-sep-none fusion-title-text fusion-title-size-six\" style=\"--awb-text-color:#ffffff;--awb-margin-top:36px;--awb-margin-bottom:0px;--awb-margin-top-small:8px;--awb-margin-right-small:0px;--awb-margin-bottom-small:16px;--awb-margin-left-small:0px;\"><h6 class=\"fusion-title-heading title-heading-left fusion-responsive-typography-calculated\" style=\"margin:0;--fontSize:14;--minFontSize:14;line-height:1.68;\"><span style=\"color: #ffffff;\"><a style=\"color: #ffffff;\" href=\"\/index\/it\/referenze\/\">Scopri cosa dicono di noi i nostri clienti<\/a><\/span><\/h6><\/div><div class=\"fusion-clearfix\"><\/div><\/div><\/div><div class=\"fusion-layout-column fusion_builder_column fusion-builder-column-4 fusion_builder_column_2_5 2_5 fusion-two-fifth fusion-column-last fusion-column-inner-bg-wrapper\" style=\"--awb-inner-bg-size:cover;--awb-filter:invert(0%);--awb-filter-transition:filter 0.3s ease;--awb-filter-hover:invert(100%);--awb-margin-top:10px;--awb-margin-bottom:0px;width:40%;width:calc(40% - ( ( 4% ) * 0.4 ) );\" data-scroll-devices=\"small-visibility,medium-visibility,large-visibility\"><span class=\"fusion-column-inner-bg hover-type-none\"><a class=\"fusion-column-anchor\" href=\"https:\/\/patraeus.ch\/index\/it\/referenze\/\"><span class=\"fusion-column-inner-bg-image\"><\/span><\/a><\/span><div class=\"fusion-column-wrapper fusion-column-has-shadow fusion-flex-column-wrapper-legacy\"><div class=\"fusion-builder-row fusion-builder-row-inner fusion-row\"><div class=\"fusion-layout-column fusion_builder_column_inner fusion-builder-nested-column-1 fusion_builder_column_inner_1_1 1_1 fusion-one-full fusion-column-first fusion-column-last\" style=\"--awb-padding-top:28px;--awb-padding-right:40px;--awb-padding-bottom:26px;--awb-padding-left:40px;--awb-bg-color:#ffffff;--awb-bg-color-hover:#ffffff;--awb-bg-size:cover;--awb-margin-top:0px;--awb-margin-bottom:0px;\"><div class=\"fusion-column-wrapper fusion-column-has-shadow fusion-flex-column-wrapper-legacy\"><div class=\"fusion-fa-align-right\"><i class=\"fb-icon-element-1 fb-icon-element fontawesome-icon fa-angle-right fas circle-yes\" style=\"--awb-iconcolor:#181b20;--awb-iconcolor-hover:#181b20;--awb-circlecolor:rgba(24,27,32,0);--awb-circlecolor-hover:rgba(24,27,32,0);--awb-circlebordersize:1px;--awb-font-size:14.08px;--awb-width:28.16px;--awb-height:28.16px;--awb-line-height:26.16px;--awb-margin-top:-2px;\"><\/i><\/div><div class=\"fusion-text fusion-text-1 paragraph-small\" style=\"--awb-font-size:20px;\"><p><span style=\"color: #000000;\">REFERENZE<\/span><\/p>\n<\/div><div class=\"fusion-clearfix\"><\/div><\/div><\/div><\/div><div class=\"fusion-clearfix\"><\/div><\/div><\/div><\/div><\/div><div id=\"more\" class=\"fusion-container-anchor\"><div class=\"fusion-fullwidth fullwidth-box fusion-builder-row-3 nonhundred-percent-fullwidth non-hundred-percent-height-scrolling fusion-equal-height-columns\" style=\"--awb-border-radius-top-left:0px;--awb-border-radius-top-right:0px;--awb-border-radius-bottom-right:0px;--awb-border-radius-bottom-left:0px;--awb-padding-bottom:100px;--awb-margin-top:1%;--awb-margin-bottom:1%;--awb-flex-wrap:wrap;\" ><div class=\"fusion-builder-row fusion-row\"><div class=\"fusion-layout-column fusion_builder_column fusion-builder-column-5 fusion_builder_column_1_2 1_2 fusion-one-half fusion-column-first fusion-animated\" style=\"--awb-bg-size:cover;--awb-margin-top:0px;--awb-margin-bottom:0px;width:50%;width:calc(50% - ( ( 4% ) * 0.5 ) );margin-right: 4%;\" data-animationType=\"fadeIn\" data-animationDuration=\"0.8\" data-animationOffset=\"top-into-view\"><div class=\"fusion-column-wrapper fusion-column-has-shadow fusion-flex-column-wrapper-legacy\"><div class=\"fusion-text fusion-text-2\"><h3>Dal <strong>2009<\/strong>, siamo un punto di riferimento per imprese e professionisti alla ricerca di <strong>consulenze, competenze e servizi qualitativi<\/strong>.<\/h3>\n<\/div><div class=\"fusion-text fusion-text-3\" style=\"--awb-text-transform:none;\"><h3><span class=\"VIiyi\" lang=\"it\"><span class=\"JLqJ4b ChMk0b\" data-language-for-alternatives=\"it\" data-language-to-translate-into=\"auto\" data-phrase-index=\"0\"><strong>Aiutiamo ad aumentare la produttivit\u00e0 tra le persone e a incrementare la motivazione dei dipendenti, aumentando il\u00a0 potenziale di innovazione senza l&#8217;inclusione di tecnologie.<\/strong><\/span><\/span><\/h3>\n<h3><span class=\"VIiyi\" lang=\"it\"><span class=\"JLqJ4b ChMk0b\" data-language-for-alternatives=\"it\" data-language-to-translate-into=\"auto\" data-phrase-index=\"0\"><strong>Offriamo specifiche consulenze, formazioni e work-shop intelligenti per lo sviluppo e la crescita della tua impresa<\/strong><\/span><\/span><\/h3>\n<h4><\/h4>\n<\/div><div class=\"fusion-button-wrapper\"><a class=\"fusion-button button-flat button-medium button-custom fusion-button-default button-2 fusion-button-default-span fusion-button-default-type custom-hero-button\" style=\"--button_accent_color:#ffffff;--button_border_color:#181b20;--button_accent_hover_color:#181b20;--button_border_hover_color:#181b20;--button_border_width-top:2px;--button_border_width-right:2px;--button_border_width-bottom:2px;--button_border_width-left:2px;--button_gradient_top_color:#181b20;--button_gradient_bottom_color:#181b20;--button_gradient_top_color_hover:rgba(255,255,255,0.95);--button_gradient_bottom_color_hover:rgba(255,255,255,0.95);\" target=\"_self\" href=\"\/index\/it\/impuls\/\"><span class=\"fusion-button-text awb-button__text awb-button__text--default\">Workshops &amp; Interventi ispiranti<\/span><\/a><\/div><div class=\"fusion-clearfix\"><\/div><\/div><\/div><div class=\"fusion-layout-column fusion_builder_column fusion-builder-column-6 fusion_builder_column_1_2 1_2 fusion-one-half fusion-column-last fusion-animated\" style=\"--awb-bg-size:cover;--awb-margin-top:0px;--awb-margin-bottom:0px;width:50%;width:calc(50% - ( ( 4% ) * 0.5 ) );\" data-animationType=\"fadeIn\" data-animationDuration=\"0.8\" data-animationOffset=\"top-into-view\"><div class=\"fusion-column-wrapper fusion-column-has-shadow fusion-flex-column-wrapper-legacy\"><div class=\"fusion-text fusion-text-4\" style=\"--awb-text-transform:none;\"><h3><strong>Trovi qui i comparti che copriamo:<\/strong><\/h3>\n<\/div><div class=\"fusion-image-element in-legacy-container\" style=\"--awb-liftup-border-radius:0px;--awb-caption-title-font-family:var(--h2_typography-font-family);--awb-caption-title-font-weight:var(--h2_typography-font-weight);--awb-caption-title-font-style:var(--h2_typography-font-style);--awb-caption-title-size:var(--h2_typography-font-size);--awb-caption-title-transform:var(--h2_typography-text-transform);--awb-caption-title-line-height:var(--h2_typography-line-height);--awb-caption-title-letter-spacing:var(--h2_typography-letter-spacing);\"><div class=\"awb-image-frame awb-image-frame-2 imageframe-liftup\" style=\"max-width:500px;\"><span class=\" fusion-imageframe imageframe-none imageframe-2\"><a class=\"fusion-no-lightbox\" href=\"https:\/\/patraeus.ch\/index\/wp-content\/uploads\/2024\/11\/PPP_game-changer-patraeus-v1-vorlage-ITA-neu.pdf\" target=\"_blank\" aria-label=\"ita\" rel=\"noopener noreferrer\"><img decoding=\"async\" width=\"1460\" height=\"820\" src=\"https:\/\/patraeus.ch\/index\/wp-content\/uploads\/2024\/11\/ita.png\" alt class=\"img-responsive wp-image-62868\" srcset=\"https:\/\/patraeus.ch\/index\/wp-content\/uploads\/2024\/11\/ita-200x112.png 200w, https:\/\/patraeus.ch\/index\/wp-content\/uploads\/2024\/11\/ita-400x225.png 400w, https:\/\/patraeus.ch\/index\/wp-content\/uploads\/2024\/11\/ita-600x337.png 600w, https:\/\/patraeus.ch\/index\/wp-content\/uploads\/2024\/11\/ita-800x449.png 800w, https:\/\/patraeus.ch\/index\/wp-content\/uploads\/2024\/11\/ita-1200x674.png 1200w, https:\/\/patraeus.ch\/index\/wp-content\/uploads\/2024\/11\/ita.png 1460w\" sizes=\"(max-width: 800px) 100vw, 800px\" \/><\/a><\/span><\/div><\/div><div class=\"fusion-clearfix\"><\/div><\/div><\/div><\/div><\/div><\/div><\/p>\n","protected":false},"excerpt":{"rendered":"","protected":false},"author":1,"featured_media":0,"parent":0,"menu_order":0,"comment_status":"closed","ping_status":"closed","template":"100-width.php","meta":{"footnotes":""},"class_list":["post-59842","page","type-page","status-publish","hentry"],"yoast_head":"<!-- This site is optimized with the Yoast SEO plugin v27.2 - https:\/\/yoast.com\/product\/yoast-seo-wordpress\/ -->\n<title>Home - Patraeus<\/title>\n<meta name=\"robots\" content=\"index, follow, max-snippet:-1, max-image-preview:large, max-video-preview:-1\" \/>\n<link rel=\"canonical\" href=\"https:\/\/patraeus.ch\/index\/it\/\" \/>\n<meta property=\"og:locale\" content=\"it_IT\" \/>\n<meta property=\"og:type\" content=\"article\" \/>\n<meta property=\"og:title\" content=\"Home - Patraeus\" \/>\n<meta property=\"og:url\" content=\"https:\/\/patraeus.ch\/index\/it\/\" \/>\n<meta property=\"og:site_name\" content=\"Patraeus\" \/>\n<meta property=\"article:modified_time\" content=\"2026-01-26T10:28:12+00:00\" \/>\n<meta name=\"twitter:card\" content=\"summary_large_image\" \/>\n<meta name=\"twitter:label1\" content=\"Tempo di lettura stimato\" \/>\n\t<meta name=\"twitter:data1\" content=\"2 minuti\" \/>\n<script type=\"application\/ld+json\" class=\"yoast-schema-graph\">{\"@context\":\"https:\/\/schema.org\",\"@graph\":[{\"@type\":\"WebPage\",\"@id\":\"https:\/\/patraeus.ch\/index\/it\/\",\"url\":\"https:\/\/patraeus.ch\/index\/it\/\",\"name\":\"Home - Patraeus\",\"isPartOf\":{\"@id\":\"https:\/\/patraeus.ch\/index\/#website\"},\"datePublished\":\"2020-01-06T14:15:05+00:00\",\"dateModified\":\"2026-01-26T10:28:12+00:00\",\"breadcrumb\":{\"@id\":\"https:\/\/patraeus.ch\/index\/it\/#breadcrumb\"},\"inLanguage\":\"it-IT\",\"potentialAction\":[{\"@type\":\"ReadAction\",\"target\":[\"https:\/\/patraeus.ch\/index\/it\/\"]}]},{\"@type\":\"BreadcrumbList\",\"@id\":\"https:\/\/patraeus.ch\/index\/it\/#breadcrumb\",\"itemListElement\":[{\"@type\":\"ListItem\",\"position\":1,\"name\":\"Home\",\"item\":\"https:\/\/patraeus.ch\/index\/it\/\"},{\"@type\":\"ListItem\",\"position\":2,\"name\":\"Home\"}]},{\"@type\":\"WebSite\",\"@id\":\"https:\/\/patraeus.ch\/index\/#website\",\"url\":\"https:\/\/patraeus.ch\/index\/\",\"name\":\"Patraeus\",\"description\":\"Intelligentes Business - Switzerland\",\"publisher\":{\"@id\":\"https:\/\/patraeus.ch\/index\/#organization\"},\"potentialAction\":[{\"@type\":\"SearchAction\",\"target\":{\"@type\":\"EntryPoint\",\"urlTemplate\":\"https:\/\/patraeus.ch\/index\/?s={search_term_string}\"},\"query-input\":{\"@type\":\"PropertyValueSpecification\",\"valueRequired\":true,\"valueName\":\"search_term_string\"}}],\"inLanguage\":\"it-IT\"},{\"@type\":\"Organization\",\"@id\":\"https:\/\/patraeus.ch\/index\/#organization\",\"name\":\"Patraeus - Intelligentes Business\",\"url\":\"https:\/\/patraeus.ch\/index\/\",\"logo\":{\"@type\":\"ImageObject\",\"inLanguage\":\"it-IT\",\"@id\":\"https:\/\/patraeus.ch\/index\/#\/schema\/logo\/image\/\",\"url\":\"https:\/\/patraeus.ch\/index\/wp-content\/uploads\/2020\/11\/new400.png\",\"contentUrl\":\"https:\/\/patraeus.ch\/index\/wp-content\/uploads\/2020\/11\/new400.png\",\"width\":400,\"height\":105,\"caption\":\"Patraeus - Intelligentes Business\"},\"image\":{\"@id\":\"https:\/\/patraeus.ch\/index\/#\/schema\/logo\/image\/\"}}]}<\/script>\n<!-- \/ Yoast SEO plugin. -->","yoast_head_json":{"title":"Home - Patraeus","robots":{"index":"index","follow":"follow","max-snippet":"max-snippet:-1","max-image-preview":"max-image-preview:large","max-video-preview":"max-video-preview:-1"},"canonical":"https:\/\/patraeus.ch\/index\/it\/","og_locale":"it_IT","og_type":"article","og_title":"Home - Patraeus","og_url":"https:\/\/patraeus.ch\/index\/it\/","og_site_name":"Patraeus","article_modified_time":"2026-01-26T10:28:12+00:00","twitter_card":"summary_large_image","twitter_misc":{"Tempo di lettura stimato":"2 minuti"},"schema":{"@context":"https:\/\/schema.org","@graph":[{"@type":"WebPage","@id":"https:\/\/patraeus.ch\/index\/it\/","url":"https:\/\/patraeus.ch\/index\/it\/","name":"Home - Patraeus","isPartOf":{"@id":"https:\/\/patraeus.ch\/index\/#website"},"datePublished":"2020-01-06T14:15:05+00:00","dateModified":"2026-01-26T10:28:12+00:00","breadcrumb":{"@id":"https:\/\/patraeus.ch\/index\/it\/#breadcrumb"},"inLanguage":"it-IT","potentialAction":[{"@type":"ReadAction","target":["https:\/\/patraeus.ch\/index\/it\/"]}]},{"@type":"BreadcrumbList","@id":"https:\/\/patraeus.ch\/index\/it\/#breadcrumb","itemListElement":[{"@type":"ListItem","position":1,"name":"Home","item":"https:\/\/patraeus.ch\/index\/it\/"},{"@type":"ListItem","position":2,"name":"Home"}]},{"@type":"WebSite","@id":"https:\/\/patraeus.ch\/index\/#website","url":"https:\/\/patraeus.ch\/index\/","name":"Patraeus","description":"Intelligentes Business - Switzerland","publisher":{"@id":"https:\/\/patraeus.ch\/index\/#organization"},"potentialAction":[{"@type":"SearchAction","target":{"@type":"EntryPoint","urlTemplate":"https:\/\/patraeus.ch\/index\/?s={search_term_string}"},"query-input":{"@type":"PropertyValueSpecification","valueRequired":true,"valueName":"search_term_string"}}],"inLanguage":"it-IT"},{"@type":"Organization","@id":"https:\/\/patraeus.ch\/index\/#organization","name":"Patraeus - Intelligentes Business","url":"https:\/\/patraeus.ch\/index\/","logo":{"@type":"ImageObject","inLanguage":"it-IT","@id":"https:\/\/patraeus.ch\/index\/#\/schema\/logo\/image\/","url":"https:\/\/patraeus.ch\/index\/wp-content\/uploads\/2020\/11\/new400.png","contentUrl":"https:\/\/patraeus.ch\/index\/wp-content\/uploads\/2020\/11\/new400.png","width":400,"height":105,"caption":"Patraeus - Intelligentes Business"},"image":{"@id":"https:\/\/patraeus.ch\/index\/#\/schema\/logo\/image\/"}}]}},"_links":{"self":[{"href":"https:\/\/patraeus.ch\/index\/it\/wp-json\/wp\/v2\/pages\/59842","targetHints":{"allow":["GET"]}}],"collection":[{"href":"https:\/\/patraeus.ch\/index\/it\/wp-json\/wp\/v2\/pages"}],"about":[{"href":"https:\/\/patraeus.ch\/index\/it\/wp-json\/wp\/v2\/types\/page"}],"author":[{"embeddable":true,"href":"https:\/\/patraeus.ch\/index\/it\/wp-json\/wp\/v2\/users\/1"}],"replies":[{"embeddable":true,"href":"https:\/\/patraeus.ch\/index\/it\/wp-json\/wp\/v2\/comments?post=59842"}],"version-history":[{"count":113,"href":"https:\/\/patraeus.ch\/index\/it\/wp-json\/wp\/v2\/pages\/59842\/revisions"}],"predecessor-version":[{"id":63200,"href":"https:\/\/patraeus.ch\/index\/it\/wp-json\/wp\/v2\/pages\/59842\/revisions\/63200"}],"wp:attachment":[{"href":"https:\/\/patraeus.ch\/index\/it\/wp-json\/wp\/v2\/media?parent=59842"}],"curies":[{"name":"wp","href":"https:\/\/api.w.org\/{rel}","templated":true}]}}