{"id":60194,"date":"2020-05-19T10:17:18","date_gmt":"2020-05-19T10:17:18","guid":{"rendered":"https:\/\/patraeus.freelab-dev.ch\/team\/"},"modified":"2026-02-16T13:33:48","modified_gmt":"2026-02-16T13:33:48","slug":"team","status":"publish","type":"page","link":"https:\/\/patraeus.ch\/index\/fr\/team\/","title":{"rendered":"Team"},"content":{"rendered":"<div class=\"fusion-fullwidth fullwidth-box fusion-builder-row-1 nonhundred-percent-fullwidth non-hundred-percent-height-scrolling\" style=\"--awb-border-radius-top-left:0px;--awb-border-radius-top-right:0px;--awb-border-radius-bottom-right:0px;--awb-border-radius-bottom-left:0px;--awb-padding-top:0px;--awb-padding-bottom:0px;--awb-flex-wrap:wrap;\" ><div class=\"fusion-builder-row fusion-row\"><div class=\"fusion-layout-column fusion_builder_column fusion-builder-column-0 fusion_builder_column_1_1 1_1 fusion-one-full fusion-column-first fusion-column-last\" style=\"--awb-bg-size:cover;--awb-margin-bottom:10px;\"><div class=\"fusion-column-wrapper fusion-column-has-shadow fusion-flex-column-wrapper-legacy\"><div class=\"fusion-text fusion-text-1\"><h2 class=\"fusion-responsive-typography-calculated\" data-fontsize=\"44\" data-lineheight=\"55.4333px\">Nous augmentons l\u2019efficacit\u00e9 de votre entreprise<\/h2>\n<p>Notre \u00e9quipe est compos\u00e9e de professionnels ind\u00e9pendants et exp\u00e9riment\u00e9s au niveau international qui mettent leurs comp\u00e9tences \u00e0 disposition de votre entreprise et des entrepreneurs qui souhaitent utiliser des m\u00e9thodologies d\u2019avenir dans leur organisation.<\/p>\n<p>Notre enthousiasme pour les personnes et les affaires, associ\u00e9 \u00e0 des d\u00e9cennies d\u2019exp\u00e9rience dans les grandes entreprises et des start-up, peut fournir \u00e0 votre entreprise, par des m\u00e9thodologies et des connaissances scientifiques simples, une augmentation de l\u2019efficacit\u00e9 et de la motivation des vos collaboraterus.<\/p>\n<p>Nous sommes l\u00e0 pour vous aider.<\/p>\n<p>Nos team interdisciplinaire est en mesure de communiquer facilement en suisse-alemand, alemand, fran\u00e7ais, italien, anglais et polonais.<\/p>\n<\/div><div class=\"fusion-clearfix\"><\/div><\/div><\/div><div class=\"fusion-layout-column fusion_builder_column fusion-builder-column-1 fusion_builder_column_1_4 1_4 fusion-one-fourth fusion-column-first\" style=\"--awb-bg-size:cover;--awb-margin-bottom:10px;width:25%;width:calc(25% - ( ( 6% + 6% + 6% ) * 0.25 ) );margin-right: 6%;\"><div class=\"fusion-column-wrapper fusion-column-has-shadow fusion-flex-column-wrapper-legacy\"><div class=\"fusion-image-element in-legacy-container\" style=\"--awb-caption-title-font-family:var(--h2_typography-font-family);--awb-caption-title-font-weight:var(--h2_typography-font-weight);--awb-caption-title-font-style:var(--h2_typography-font-style);--awb-caption-title-size:var(--h2_typography-font-size);--awb-caption-title-transform:var(--h2_typography-text-transform);--awb-caption-title-line-height:var(--h2_typography-line-height);--awb-caption-title-letter-spacing:var(--h2_typography-letter-spacing);\"><span class=\" fusion-imageframe imageframe-none imageframe-1 hover-type-none\"><img decoding=\"async\" width=\"1000\" height=\"1000\" alt=\"alessandro beretta\" title=\"ab2\" src=\"https:\/\/patraeus.ch\/index\/wp-content\/uploads\/2023\/02\/ab2.jpg\" class=\"img-responsive wp-image-61503\" srcset=\"https:\/\/patraeus.ch\/index\/wp-content\/uploads\/2023\/02\/ab2-200x200.jpg 200w, https:\/\/patraeus.ch\/index\/wp-content\/uploads\/2023\/02\/ab2-400x400.jpg 400w, https:\/\/patraeus.ch\/index\/wp-content\/uploads\/2023\/02\/ab2-600x600.jpg 600w, https:\/\/patraeus.ch\/index\/wp-content\/uploads\/2023\/02\/ab2-800x800.jpg 800w, https:\/\/patraeus.ch\/index\/wp-content\/uploads\/2023\/02\/ab2.jpg 1000w\" sizes=\"(max-width: 800px) 100vw, 400px\" \/><\/span><\/div><div class=\"fusion-sep-clear\"><\/div><div class=\"fusion-separator fusion-full-width-sep\" style=\"margin-left: auto;margin-right: auto;margin-top:20px;width:100%;\"><\/div><div class=\"fusion-sep-clear\"><\/div><div class=\"fusion-text fusion-text-2\"><h3>Alessandro<br \/>\nBeretta<\/h3>\n<p><strong>SOCIAL STYLE<sup>\u00ae<\/sup>\u00a0 &amp; Resilient Mindset \u2013\u00a0 Instructor<\/strong><br \/>\nHead of Development<\/p>\n<p>GER \/ CH-GER \/ FRA \/ ITA \/ ENG<\/p>\n<\/div><div class=\"fusion-clearfix\"><\/div><\/div><\/div><div class=\"fusion-layout-column fusion_builder_column fusion-builder-column-2 fusion_builder_column_1_4 1_4 fusion-one-fourth\" style=\"--awb-bg-size:cover;--awb-margin-bottom:10px;width:25%;width:calc(25% - ( ( 6% + 6% + 6% ) * 0.25 ) );margin-right: 6%;\"><div class=\"fusion-column-wrapper fusion-column-has-shadow fusion-flex-column-wrapper-legacy\"><div class=\"fusion-image-element in-legacy-container\" style=\"--awb-caption-title-font-family:var(--h2_typography-font-family);--awb-caption-title-font-weight:var(--h2_typography-font-weight);--awb-caption-title-font-style:var(--h2_typography-font-style);--awb-caption-title-size:var(--h2_typography-font-size);--awb-caption-title-transform:var(--h2_typography-text-transform);--awb-caption-title-line-height:var(--h2_typography-line-height);--awb-caption-title-letter-spacing:var(--h2_typography-letter-spacing);\"><span class=\" fusion-imageframe imageframe-none imageframe-2 hover-type-none\"><img decoding=\"async\" width=\"800\" height=\"800\" alt=\"alessandro beretta\" title=\"drhp\" src=\"https:\/\/patraeus.ch\/index\/wp-content\/uploads\/2023\/12\/drhp-1.jpg\" class=\"img-responsive wp-image-62217\" srcset=\"https:\/\/patraeus.ch\/index\/wp-content\/uploads\/2023\/12\/drhp-1-200x200.jpg 200w, https:\/\/patraeus.ch\/index\/wp-content\/uploads\/2023\/12\/drhp-1-400x400.jpg 400w, https:\/\/patraeus.ch\/index\/wp-content\/uploads\/2023\/12\/drhp-1-600x600.jpg 600w, https:\/\/patraeus.ch\/index\/wp-content\/uploads\/2023\/12\/drhp-1.jpg 800w\" sizes=\"(max-width: 800px) 100vw, 400px\" \/><\/span><\/div><div class=\"fusion-sep-clear\"><\/div><div class=\"fusion-separator fusion-full-width-sep\" style=\"margin-left: auto;margin-right: auto;margin-top:20px;width:100%;\"><\/div><div class=\"fusion-sep-clear\"><\/div><div class=\"fusion-text fusion-text-3\"><h3><span lang=\"DE\">Dr. Henning<br \/>\nPfaffhausen<\/span><\/h3>\n<p><strong>Master Certified &amp; Trainer SOCIAL STYLE<sup>\u00ae<\/sup><\/strong><\/p>\n<p>GER \/ ENG<\/p>\n<\/div><div class=\"fusion-clearfix\"><\/div><\/div><\/div><div class=\"fusion-layout-column fusion_builder_column fusion-builder-column-3 fusion_builder_column_1_4 1_4 fusion-one-fourth\" style=\"--awb-bg-size:cover;--awb-margin-bottom:10px;width:25%;width:calc(25% - ( ( 6% + 6% + 6% ) * 0.25 ) );margin-right: 6%;\"><div class=\"fusion-column-wrapper fusion-column-has-shadow fusion-flex-column-wrapper-legacy\"><div class=\"fusion-image-element in-legacy-container\" style=\"--awb-caption-title-font-family:var(--h2_typography-font-family);--awb-caption-title-font-weight:var(--h2_typography-font-weight);--awb-caption-title-font-style:var(--h2_typography-font-style);--awb-caption-title-size:var(--h2_typography-font-size);--awb-caption-title-transform:var(--h2_typography-text-transform);--awb-caption-title-line-height:var(--h2_typography-line-height);--awb-caption-title-letter-spacing:var(--h2_typography-letter-spacing);\"><span class=\" fusion-imageframe imageframe-none imageframe-3 hover-type-none\"><img decoding=\"async\" width=\"1000\" height=\"1000\" alt=\"alessandro beretta\" title=\"Karolina_10.2018\" src=\"https:\/\/patraeus.ch\/index\/wp-content\/uploads\/2024\/08\/Karolina_10.2018.jpg\" class=\"img-responsive wp-image-62727\" srcset=\"https:\/\/patraeus.ch\/index\/wp-content\/uploads\/2024\/08\/Karolina_10.2018-200x200.jpg 200w, https:\/\/patraeus.ch\/index\/wp-content\/uploads\/2024\/08\/Karolina_10.2018-400x400.jpg 400w, https:\/\/patraeus.ch\/index\/wp-content\/uploads\/2024\/08\/Karolina_10.2018-600x600.jpg 600w, https:\/\/patraeus.ch\/index\/wp-content\/uploads\/2024\/08\/Karolina_10.2018-800x800.jpg 800w, https:\/\/patraeus.ch\/index\/wp-content\/uploads\/2024\/08\/Karolina_10.2018.jpg 1000w\" sizes=\"(max-width: 800px) 100vw, 400px\" \/><\/span><\/div><div class=\"fusion-sep-clear\"><\/div><div class=\"fusion-separator fusion-full-width-sep\" style=\"margin-left: auto;margin-right: auto;margin-top:20px;width:100%;\"><\/div><div class=\"fusion-sep-clear\"><\/div><div class=\"fusion-text fusion-text-4\"><h3>Karolina Lignar-Paczocha<\/h3>\n<p><strong>SOCIAL STYLE<sup>\u00ae<\/sup> Instructor<\/strong><\/p>\n<p>Sociologist, educator, business coach, HR expert<\/p>\n<p>POL \/ ENG \/ GER<\/p>\n<\/div><div class=\"fusion-clearfix\"><\/div><\/div><\/div><div class=\"fusion-layout-column fusion_builder_column fusion-builder-column-4 fusion_builder_column_1_4 1_4 fusion-one-fourth fusion-column-last\" style=\"--awb-bg-size:cover;--awb-margin-bottom:10px;width:25%;width:calc(25% - ( ( 6% + 6% + 6% ) * 0.25 ) );\"><div class=\"fusion-column-wrapper fusion-column-has-shadow fusion-flex-column-wrapper-legacy\"><div class=\"fusion-image-element in-legacy-container\" style=\"--awb-caption-title-font-family:var(--h2_typography-font-family);--awb-caption-title-font-weight:var(--h2_typography-font-weight);--awb-caption-title-font-style:var(--h2_typography-font-style);--awb-caption-title-size:var(--h2_typography-font-size);--awb-caption-title-transform:var(--h2_typography-text-transform);--awb-caption-title-line-height:var(--h2_typography-line-height);--awb-caption-title-letter-spacing:var(--h2_typography-letter-spacing);\"><span class=\" fusion-imageframe imageframe-none imageframe-4 hover-type-none\"><img decoding=\"async\" width=\"800\" height=\"800\" alt=\"alessandro beretta\" title=\"PeterGysel_Profil_800\" src=\"https:\/\/patraeus.ch\/index\/wp-content\/uploads\/2020\/07\/PeterGysel_Profil_800.jpg\" class=\"img-responsive wp-image-60365\" srcset=\"https:\/\/patraeus.ch\/index\/wp-content\/uploads\/2020\/07\/PeterGysel_Profil_800-200x200.jpg 200w, https:\/\/patraeus.ch\/index\/wp-content\/uploads\/2020\/07\/PeterGysel_Profil_800-400x400.jpg 400w, https:\/\/patraeus.ch\/index\/wp-content\/uploads\/2020\/07\/PeterGysel_Profil_800-600x600.jpg 600w, https:\/\/patraeus.ch\/index\/wp-content\/uploads\/2020\/07\/PeterGysel_Profil_800.jpg 800w\" sizes=\"(max-width: 800px) 100vw, 400px\" \/><\/span><\/div><div class=\"fusion-sep-clear\"><\/div><div class=\"fusion-separator fusion-full-width-sep\" style=\"margin-left: auto;margin-right: auto;margin-top:20px;width:100%;\"><\/div><div class=\"fusion-sep-clear\"><\/div><div class=\"fusion-text fusion-text-5\"><h3>Peter<br \/>\nGysel<\/h3>\n<p><strong>SOCIAL STYLE<sup>\u00ae<\/sup> Instructor<\/strong><\/p>\n<p>Communications Expert, Sparringpartner &amp; Coach<\/p>\n<p>GER \/ CH-GER \/ ENG<\/p>\n<\/div><div class=\"fusion-clearfix\"><\/div><\/div><\/div><div class=\"fusion-layout-column fusion_builder_column fusion-builder-column-5 fusion_builder_column_1_4 1_4 fusion-one-fourth fusion-column-first\" style=\"--awb-bg-size:cover;--awb-margin-bottom:10px;width:25%;width:calc(25% - ( ( 6% + 6% + 6% ) * 0.25 ) );margin-right: 6%;\"><div class=\"fusion-column-wrapper fusion-column-has-shadow fusion-flex-column-wrapper-legacy\"><div class=\"fusion-image-element in-legacy-container\" style=\"--awb-caption-title-font-family:var(--h2_typography-font-family);--awb-caption-title-font-weight:var(--h2_typography-font-weight);--awb-caption-title-font-style:var(--h2_typography-font-style);--awb-caption-title-size:var(--h2_typography-font-size);--awb-caption-title-transform:var(--h2_typography-text-transform);--awb-caption-title-line-height:var(--h2_typography-line-height);--awb-caption-title-letter-spacing:var(--h2_typography-letter-spacing);\"><span class=\" fusion-imageframe imageframe-none imageframe-5 hover-type-none\"><img decoding=\"async\" width=\"800\" height=\"800\" alt=\"alessandro beretta\" title=\"hr\" src=\"https:\/\/patraeus.ch\/index\/wp-content\/uploads\/2026\/02\/hr.jpg\" class=\"img-responsive wp-image-63259\" srcset=\"https:\/\/patraeus.ch\/index\/wp-content\/uploads\/2026\/02\/hr-200x200.jpg 200w, https:\/\/patraeus.ch\/index\/wp-content\/uploads\/2026\/02\/hr-400x400.jpg 400w, https:\/\/patraeus.ch\/index\/wp-content\/uploads\/2026\/02\/hr-600x600.jpg 600w, https:\/\/patraeus.ch\/index\/wp-content\/uploads\/2026\/02\/hr.jpg 800w\" sizes=\"(max-width: 800px) 100vw, 400px\" \/><\/span><\/div><div class=\"fusion-sep-clear\"><\/div><div class=\"fusion-separator fusion-full-width-sep\" style=\"margin-left: auto;margin-right: auto;margin-top:20px;width:100%;\"><\/div><div class=\"fusion-sep-clear\"><\/div><div class=\"fusion-text fusion-text-6\"><h3 class=\"fusion-responsive-typography-calculated\" data-fontsize=\"28\" data-lineheight=\"36.9667px\">Harold<br \/>\nRichardson<\/h3>\n<p><strong>Trainer SOCIAL STYLE<sup>\u00ae<\/sup> &amp; Behavioral EQ<\/strong><\/p>\n<p>Professional Coach<br \/>\nCountry: France<\/p>\n<p>FRA<\/p>\n<\/div><div class=\"fusion-clearfix\"><\/div><\/div><\/div><div class=\"fusion-layout-column fusion_builder_column fusion-builder-column-6 fusion_builder_column_1_4 1_4 fusion-one-fourth\" style=\"--awb-bg-size:cover;--awb-margin-bottom:10px;width:25%;width:calc(25% - ( ( 6% + 6% + 6% ) * 0.25 ) );margin-right: 6%;\"><div class=\"fusion-column-wrapper fusion-column-has-shadow fusion-flex-column-wrapper-legacy\"><div class=\"fusion-image-element in-legacy-container\" style=\"--awb-caption-title-font-family:var(--h2_typography-font-family);--awb-caption-title-font-weight:var(--h2_typography-font-weight);--awb-caption-title-font-style:var(--h2_typography-font-style);--awb-caption-title-size:var(--h2_typography-font-size);--awb-caption-title-transform:var(--h2_typography-text-transform);--awb-caption-title-line-height:var(--h2_typography-line-height);--awb-caption-title-letter-spacing:var(--h2_typography-letter-spacing);\"><span class=\" fusion-imageframe imageframe-none imageframe-6 hover-type-none\"><img decoding=\"async\" width=\"800\" height=\"800\" alt=\"alessandro beretta\" title=\"team25\" src=\"https:\/\/patraeus.ch\/index\/wp-content\/uploads\/2025\/04\/team25.jpg\" class=\"img-responsive wp-image-63055\" srcset=\"https:\/\/patraeus.ch\/index\/wp-content\/uploads\/2025\/04\/team25-200x200.jpg 200w, https:\/\/patraeus.ch\/index\/wp-content\/uploads\/2025\/04\/team25-400x400.jpg 400w, https:\/\/patraeus.ch\/index\/wp-content\/uploads\/2025\/04\/team25-600x600.jpg 600w, https:\/\/patraeus.ch\/index\/wp-content\/uploads\/2025\/04\/team25.jpg 800w\" sizes=\"(max-width: 800px) 100vw, 400px\" \/><\/span><\/div><div class=\"fusion-sep-clear\"><\/div><div class=\"fusion-separator fusion-full-width-sep\" style=\"margin-left: auto;margin-right: auto;margin-top:20px;width:100%;\"><\/div><div class=\"fusion-sep-clear\"><\/div><div class=\"fusion-text fusion-text-7\"><h3 class=\"fusion-responsive-typography-calculated\" data-fontsize=\"28\" data-lineheight=\"36.9667px\">Elisabetta<br \/>\nCogotzi<\/h3>\n<p><strong>Trainer SOCIAL STYLE<sup>\u00ae<\/sup><\/strong><\/p>\n<p>Inclusion &amp; Diversity specialist<\/p>\n<\/div><div class=\"fusion-clearfix\"><\/div><\/div><\/div><div class=\"fusion-layout-column fusion_builder_column fusion-builder-column-7 fusion_builder_column_1_4 1_4 fusion-one-fourth\" style=\"--awb-bg-size:cover;--awb-margin-bottom:10px;width:25%;width:calc(25% - ( ( 6% + 6% + 6% ) * 0.25 ) );margin-right: 6%;\"><div class=\"fusion-column-wrapper fusion-column-has-shadow fusion-flex-column-wrapper-legacy\"><div class=\"fusion-image-element in-legacy-container\" style=\"--awb-caption-title-font-family:var(--h2_typography-font-family);--awb-caption-title-font-weight:var(--h2_typography-font-weight);--awb-caption-title-font-style:var(--h2_typography-font-style);--awb-caption-title-size:var(--h2_typography-font-size);--awb-caption-title-transform:var(--h2_typography-text-transform);--awb-caption-title-line-height:var(--h2_typography-line-height);--awb-caption-title-letter-spacing:var(--h2_typography-letter-spacing);\"><span class=\" fusion-imageframe imageframe-none imageframe-7 hover-type-none\"><img decoding=\"async\" width=\"800\" height=\"800\" alt=\"alessandro beretta\" title=\"gambetta\" src=\"https:\/\/patraeus.ch\/index\/wp-content\/uploads\/2025\/06\/gambetta.jpg\" class=\"img-responsive wp-image-63066\" srcset=\"https:\/\/patraeus.ch\/index\/wp-content\/uploads\/2025\/06\/gambetta-200x200.jpg 200w, https:\/\/patraeus.ch\/index\/wp-content\/uploads\/2025\/06\/gambetta-400x400.jpg 400w, https:\/\/patraeus.ch\/index\/wp-content\/uploads\/2025\/06\/gambetta-600x600.jpg 600w, https:\/\/patraeus.ch\/index\/wp-content\/uploads\/2025\/06\/gambetta.jpg 800w\" sizes=\"(max-width: 800px) 100vw, 400px\" \/><\/span><\/div><div class=\"fusion-sep-clear\"><\/div><div class=\"fusion-separator fusion-full-width-sep\" style=\"margin-left: auto;margin-right: auto;margin-top:20px;width:100%;\"><\/div><div class=\"fusion-sep-clear\"><\/div><div class=\"fusion-text fusion-text-8\"><h3 class=\"fusion-responsive-typography-calculated\" data-fontsize=\"28\" data-lineheight=\"36.9667px\">Sandra<br \/>\nGambetta<\/h3>\n<p><strong>Master in Corporate Health Management<\/strong><br \/>\n<strong>Trainer Adaptive Mindset<sup>\u00ae<\/sup> for Resilience<\/strong><\/p>\n<p>ITA \/ FRA \/ ENG \/ GER<\/p>\n<\/div><div class=\"fusion-clearfix\"><\/div><\/div><\/div><div class=\"fusion-layout-column fusion_builder_column fusion-builder-column-8 fusion_builder_column_1_4 1_4 fusion-one-fourth fusion-column-last\" style=\"--awb-bg-size:cover;--awb-margin-bottom:10px;width:25%;width:calc(25% - ( ( 6% + 6% + 6% ) * 0.25 ) );\"><div class=\"fusion-column-wrapper fusion-column-has-shadow fusion-flex-column-wrapper-legacy\"><div class=\"fusion-image-element in-legacy-container\" style=\"--awb-caption-title-font-family:var(--h2_typography-font-family);--awb-caption-title-font-weight:var(--h2_typography-font-weight);--awb-caption-title-font-style:var(--h2_typography-font-style);--awb-caption-title-size:var(--h2_typography-font-size);--awb-caption-title-transform:var(--h2_typography-text-transform);--awb-caption-title-line-height:var(--h2_typography-line-height);--awb-caption-title-letter-spacing:var(--h2_typography-letter-spacing);\"><span class=\" fusion-imageframe imageframe-none imageframe-8 hover-type-none\"><img decoding=\"async\" width=\"800\" height=\"800\" alt=\"alessandro beretta\" title=\"aw\" src=\"https:\/\/patraeus.ch\/index\/wp-content\/uploads\/2024\/01\/aw.jpg\" class=\"img-responsive wp-image-62380\" srcset=\"https:\/\/patraeus.ch\/index\/wp-content\/uploads\/2024\/01\/aw-200x200.jpg 200w, https:\/\/patraeus.ch\/index\/wp-content\/uploads\/2024\/01\/aw-400x400.jpg 400w, https:\/\/patraeus.ch\/index\/wp-content\/uploads\/2024\/01\/aw-600x600.jpg 600w, https:\/\/patraeus.ch\/index\/wp-content\/uploads\/2024\/01\/aw.jpg 800w\" sizes=\"(max-width: 800px) 100vw, 400px\" \/><\/span><\/div><div class=\"fusion-sep-clear\"><\/div><div class=\"fusion-separator fusion-full-width-sep\" style=\"margin-left: auto;margin-right: auto;margin-top:20px;width:100%;\"><\/div><div class=\"fusion-sep-clear\"><\/div><div class=\"fusion-text fusion-text-9\"><h3><span lang=\"DE\">Alexandra<br \/>\nWankelmuth<\/span><\/h3>\n<p><strong><span lang=\"IT-CH\">Externe Back-Office<\/span><\/strong><\/p>\n<\/div><div class=\"fusion-clearfix\"><\/div><\/div><\/div><\/div><\/div>\n","protected":false},"excerpt":{"rendered":"","protected":false},"author":1,"featured_media":0,"parent":0,"menu_order":0,"comment_status":"closed","ping_status":"closed","template":"100-width.php","meta":{"footnotes":""},"class_list":["post-60194","page","type-page","status-publish","hentry"],"yoast_head":"<!-- This site is optimized with the Yoast SEO plugin v27.2 - https:\/\/yoast.com\/product\/yoast-seo-wordpress\/ -->\n<title>Patraeus Team - Alessandro Beretta, Silvia Fontanella, Peter Gysel<\/title>\n<meta name=\"description\" content=\"Notre \u00e9quipe est compos\u00e9e d\u2019experts issus aupres des entreprises internationales et nous sommes desentrepreneurs - Alessandro Beretta\" \/>\n<meta name=\"robots\" content=\"index, follow, max-snippet:-1, max-image-preview:large, max-video-preview:-1\" \/>\n<link rel=\"canonical\" href=\"https:\/\/patraeus.ch\/index\/fr\/team\/\" \/>\n<meta property=\"og:locale\" content=\"fr_FR\" \/>\n<meta property=\"og:type\" content=\"article\" \/>\n<meta property=\"og:title\" content=\"Patraeus Team - Alessandro Beretta, Silvia Fontanella, Peter Gysel\" \/>\n<meta property=\"og:description\" content=\"Notre \u00e9quipe est compos\u00e9e d\u2019experts issus aupres des entreprises internationales et nous sommes desentrepreneurs - Alessandro Beretta\" \/>\n<meta property=\"og:url\" content=\"https:\/\/patraeus.ch\/index\/fr\/team\/\" \/>\n<meta property=\"og:site_name\" content=\"Patraeus\" \/>\n<meta property=\"article:modified_time\" content=\"2026-02-16T13:33:48+00:00\" \/>\n<meta name=\"twitter:card\" content=\"summary_large_image\" \/>\n<meta name=\"twitter:label1\" content=\"Dur\u00e9e de lecture estim\u00e9e\" \/>\n\t<meta name=\"twitter:data1\" content=\"3 minutes\" \/>\n<script type=\"application\/ld+json\" class=\"yoast-schema-graph\">{\"@context\":\"https:\/\/schema.org\",\"@graph\":[{\"@type\":\"WebPage\",\"@id\":\"https:\/\/patraeus.ch\/index\/fr\/team\/\",\"url\":\"https:\/\/patraeus.ch\/index\/fr\/team\/\",\"name\":\"Patraeus Team - Alessandro Beretta, Silvia Fontanella, Peter Gysel\",\"isPartOf\":{\"@id\":\"https:\/\/patraeus.ch\/index\/#website\"},\"datePublished\":\"2020-05-19T10:17:18+00:00\",\"dateModified\":\"2026-02-16T13:33:48+00:00\",\"description\":\"Notre \u00e9quipe est compos\u00e9e d\u2019experts issus aupres des entreprises internationales et nous sommes desentrepreneurs - Alessandro Beretta\",\"breadcrumb\":{\"@id\":\"https:\/\/patraeus.ch\/index\/fr\/team\/#breadcrumb\"},\"inLanguage\":\"fr-FR\",\"potentialAction\":[{\"@type\":\"ReadAction\",\"target\":[\"https:\/\/patraeus.ch\/index\/fr\/team\/\"]}]},{\"@type\":\"BreadcrumbList\",\"@id\":\"https:\/\/patraeus.ch\/index\/fr\/team\/#breadcrumb\",\"itemListElement\":[{\"@type\":\"ListItem\",\"position\":1,\"name\":\"Home\",\"item\":\"https:\/\/patraeus.ch\/index\/fr\/\"},{\"@type\":\"ListItem\",\"position\":2,\"name\":\"Team\"}]},{\"@type\":\"WebSite\",\"@id\":\"https:\/\/patraeus.ch\/index\/#website\",\"url\":\"https:\/\/patraeus.ch\/index\/\",\"name\":\"Patraeus\",\"description\":\"Intelligentes Business - Switzerland\",\"publisher\":{\"@id\":\"https:\/\/patraeus.ch\/index\/#organization\"},\"potentialAction\":[{\"@type\":\"SearchAction\",\"target\":{\"@type\":\"EntryPoint\",\"urlTemplate\":\"https:\/\/patraeus.ch\/index\/?s={search_term_string}\"},\"query-input\":{\"@type\":\"PropertyValueSpecification\",\"valueRequired\":true,\"valueName\":\"search_term_string\"}}],\"inLanguage\":\"fr-FR\"},{\"@type\":\"Organization\",\"@id\":\"https:\/\/patraeus.ch\/index\/#organization\",\"name\":\"Patraeus - Intelligentes Business\",\"url\":\"https:\/\/patraeus.ch\/index\/\",\"logo\":{\"@type\":\"ImageObject\",\"inLanguage\":\"fr-FR\",\"@id\":\"https:\/\/patraeus.ch\/index\/#\/schema\/logo\/image\/\",\"url\":\"https:\/\/patraeus.ch\/index\/wp-content\/uploads\/2020\/11\/new400.png\",\"contentUrl\":\"https:\/\/patraeus.ch\/index\/wp-content\/uploads\/2020\/11\/new400.png\",\"width\":400,\"height\":105,\"caption\":\"Patraeus - Intelligentes Business\"},\"image\":{\"@id\":\"https:\/\/patraeus.ch\/index\/#\/schema\/logo\/image\/\"}}]}<\/script>\n<!-- \/ Yoast SEO plugin. -->","yoast_head_json":{"title":"Patraeus Team - Alessandro Beretta, Silvia Fontanella, Peter Gysel","description":"Notre \u00e9quipe est compos\u00e9e d\u2019experts issus aupres des entreprises internationales et nous sommes desentrepreneurs - Alessandro Beretta","robots":{"index":"index","follow":"follow","max-snippet":"max-snippet:-1","max-image-preview":"max-image-preview:large","max-video-preview":"max-video-preview:-1"},"canonical":"https:\/\/patraeus.ch\/index\/fr\/team\/","og_locale":"fr_FR","og_type":"article","og_title":"Patraeus Team - Alessandro Beretta, Silvia Fontanella, Peter Gysel","og_description":"Notre \u00e9quipe est compos\u00e9e d\u2019experts issus aupres des entreprises internationales et nous sommes desentrepreneurs - Alessandro Beretta","og_url":"https:\/\/patraeus.ch\/index\/fr\/team\/","og_site_name":"Patraeus","article_modified_time":"2026-02-16T13:33:48+00:00","twitter_card":"summary_large_image","twitter_misc":{"Dur\u00e9e de lecture estim\u00e9e":"3 minutes"},"schema":{"@context":"https:\/\/schema.org","@graph":[{"@type":"WebPage","@id":"https:\/\/patraeus.ch\/index\/fr\/team\/","url":"https:\/\/patraeus.ch\/index\/fr\/team\/","name":"Patraeus Team - Alessandro Beretta, Silvia Fontanella, Peter Gysel","isPartOf":{"@id":"https:\/\/patraeus.ch\/index\/#website"},"datePublished":"2020-05-19T10:17:18+00:00","dateModified":"2026-02-16T13:33:48+00:00","description":"Notre \u00e9quipe est compos\u00e9e d\u2019experts issus aupres des entreprises internationales et nous sommes desentrepreneurs - Alessandro Beretta","breadcrumb":{"@id":"https:\/\/patraeus.ch\/index\/fr\/team\/#breadcrumb"},"inLanguage":"fr-FR","potentialAction":[{"@type":"ReadAction","target":["https:\/\/patraeus.ch\/index\/fr\/team\/"]}]},{"@type":"BreadcrumbList","@id":"https:\/\/patraeus.ch\/index\/fr\/team\/#breadcrumb","itemListElement":[{"@type":"ListItem","position":1,"name":"Home","item":"https:\/\/patraeus.ch\/index\/fr\/"},{"@type":"ListItem","position":2,"name":"Team"}]},{"@type":"WebSite","@id":"https:\/\/patraeus.ch\/index\/#website","url":"https:\/\/patraeus.ch\/index\/","name":"Patraeus","description":"Intelligentes Business - Switzerland","publisher":{"@id":"https:\/\/patraeus.ch\/index\/#organization"},"potentialAction":[{"@type":"SearchAction","target":{"@type":"EntryPoint","urlTemplate":"https:\/\/patraeus.ch\/index\/?s={search_term_string}"},"query-input":{"@type":"PropertyValueSpecification","valueRequired":true,"valueName":"search_term_string"}}],"inLanguage":"fr-FR"},{"@type":"Organization","@id":"https:\/\/patraeus.ch\/index\/#organization","name":"Patraeus - Intelligentes Business","url":"https:\/\/patraeus.ch\/index\/","logo":{"@type":"ImageObject","inLanguage":"fr-FR","@id":"https:\/\/patraeus.ch\/index\/#\/schema\/logo\/image\/","url":"https:\/\/patraeus.ch\/index\/wp-content\/uploads\/2020\/11\/new400.png","contentUrl":"https:\/\/patraeus.ch\/index\/wp-content\/uploads\/2020\/11\/new400.png","width":400,"height":105,"caption":"Patraeus - Intelligentes Business"},"image":{"@id":"https:\/\/patraeus.ch\/index\/#\/schema\/logo\/image\/"}}]}},"_links":{"self":[{"href":"https:\/\/patraeus.ch\/index\/fr\/wp-json\/wp\/v2\/pages\/60194","targetHints":{"allow":["GET"]}}],"collection":[{"href":"https:\/\/patraeus.ch\/index\/fr\/wp-json\/wp\/v2\/pages"}],"about":[{"href":"https:\/\/patraeus.ch\/index\/fr\/wp-json\/wp\/v2\/types\/page"}],"author":[{"embeddable":true,"href":"https:\/\/patraeus.ch\/index\/fr\/wp-json\/wp\/v2\/users\/1"}],"replies":[{"embeddable":true,"href":"https:\/\/patraeus.ch\/index\/fr\/wp-json\/wp\/v2\/comments?post=60194"}],"version-history":[{"count":32,"href":"https:\/\/patraeus.ch\/index\/fr\/wp-json\/wp\/v2\/pages\/60194\/revisions"}],"predecessor-version":[{"id":63267,"href":"https:\/\/patraeus.ch\/index\/fr\/wp-json\/wp\/v2\/pages\/60194\/revisions\/63267"}],"wp:attachment":[{"href":"https:\/\/patraeus.ch\/index\/fr\/wp-json\/wp\/v2\/media?parent=60194"}],"curies":[{"name":"wp","href":"https:\/\/api.w.org\/{rel}","templated":true}]}}